{"id":8,"date":"2016-12-23T15:50:17","date_gmt":"2016-12-23T15:50:17","guid":{"rendered":"http:\/\/leonard-huester.de\/?page_id=8"},"modified":"2022-08-10T11:29:44","modified_gmt":"2022-08-10T11:29:44","slug":"termine","status":"publish","type":"page","link":"https:\/\/leonard-huester.de\/?page_id=8","title":{"rendered":"Termine"},"content":{"rendered":"<p style=\"text-align: right;\"><img loading=\"lazy\" decoding=\"async\" class=\"alignnone size-full wp-image-313\" src=\"https:\/\/leonard-huester.de\/wp-content\/uploads\/2021\/09\/P1138073_DxO_Exp_Web-scaled.jpg\" alt=\"\" width=\"2560\" height=\"1707\" srcset=\"https:\/\/leonard-huester.de\/wp-content\/uploads\/2021\/09\/P1138073_DxO_Exp_Web-scaled.jpg 2560w, https:\/\/leonard-huester.de\/wp-content\/uploads\/2021\/09\/P1138073_DxO_Exp_Web-300x200.jpg 300w, https:\/\/leonard-huester.de\/wp-content\/uploads\/2021\/09\/P1138073_DxO_Exp_Web-1024x683.jpg 1024w, https:\/\/leonard-huester.de\/wp-content\/uploads\/2021\/09\/P1138073_DxO_Exp_Web-768x512.jpg 768w, https:\/\/leonard-huester.de\/wp-content\/uploads\/2021\/09\/P1138073_DxO_Exp_Web-1536x1024.jpg 1536w, https:\/\/leonard-huester.de\/wp-content\/uploads\/2021\/09\/P1138073_DxO_Exp_Web-2048x1366.jpg 2048w, https:\/\/leonard-huester.de\/wp-content\/uploads\/2021\/09\/P1138073_DxO_Exp_Web-750x500.jpg 750w\" sizes=\"auto, (max-width: 2560px) 100vw, 2560px\" \/><\/p>\n<p><strong>2023<\/strong><\/p>\n<p><strong>17<\/strong><strong>.02. <\/strong>&#8222;Drehwerk&#8220; Wachtberg-Adendorf, musikalische Umrahmung eines Vortrags von Dr. Josef Muhr \u00fcber die Stadt K\u00f6ln im fr\u00fchen 20. Jahrhundert. Beginn: 19 Uhr<\/p>\n<p><strong>2022<\/strong><\/p>\n<p><strong>31.08.\u00a0<\/strong>Haus der Familie, Bad Godesberg: Liedprogramm mit der Sopranistin Marie -Dorothea W\u00e4hlt -Beste, (mit Werken von Faur\u00e8, Hahn, sowie Eigenkompositionen)\u00a0<em>Geschlossene Veranstaltung.\u00a0<\/em><\/p>\n<p><strong>04.08.\u00a0<\/strong>Inner Wheel Club Bonn-Kreuzberg: Klavierabend mit Werken von Bach, Chopin, Debussy, sowie Eigenkompositionen.\u00a0<em>Geschlossene Veranstaltung\u00a0<\/em><\/p>\n<p><strong>15.06. <\/strong>Rheinklinik, Luisenstra\u00dfe 3 53604 Bad Honnef: Programm mit eigenen Kompositionen.\u00a0<em>Geschlossene Veranstaltung\u00a0<\/em><\/p>\n<p><strong>2021<\/strong><\/p>\n<p><strong>28.12.\u00a0<\/strong>Rheinklinik, Luisenstra\u00dfe 3 53604 Bad Honnef: Programm mit eigenen Kompositionen.\u00a0<em>Geschlossene Veranstaltung\u00a0<\/em><\/p>\n<p><strong>01.10. <\/strong>St- Petrus -Kapelle, Bonner Talweg 4-6, 53113 Bonn: Konzert mit eigenen Kompositionen anl\u00e4sslich einer Examensfeier. <em>Geschlossene Veranstaltung<\/em><\/p>\n<p><strong>25.08. <\/strong>St- Petrus -Kapelle, Bonner Talweg 4-6, 53113 Bonn: Konzert mit eigenen Kompositionen anl\u00e4sslich einer Examensfeier. <em>Geschlossene Veranstaltung<\/em><\/p>\n<p><strong>18.06. <\/strong>Alte Druckerei Sinzig, M\u00fchlenbach Str. 40, 53489 Sinzig: Musikalisches Rahmenprogramm (bestehend aus Klavierwerken von Erik Satie, sowie eigenen Kompositionen) zur Retrospektive des K\u00fcnstlers J\u00fcrgen Middelmann. Beginn: 19 Uhr. Anmeldung unter: anfrage@atelier-middelmann.de weitere Informationen unter: www.juergen-middelmann.de<\/p>\n<p><strong>1<\/strong><strong>2.02. <\/strong>&#8222;Drehwerk&#8220; Wachtberg-Adendorf, musikalische Umrahmung eines Vortrags von Dr. Josef Muhr \u00fcber die Stadt K\u00f6ln im fr\u00fchen 20. Jahrhundert. Beginn: 19 Uhr<\/p>\n<p><strong>09.02. <\/strong>Kleinkunstb\u00fchne &#8222;Klimperkasten&#8220; K\u00f6ln, musikalische Umrahmung eines Vortrags von Dr. Josef Muhr \u00fcber die Stadt K\u00f6ln im fr\u00fchen 20. Jahrhundert. Beginn: 19 Uhr<\/p>\n","protected":false},"excerpt":{"rendered":"<p>2023 17.02. &#8222;Drehwerk&#8220; Wachtberg-Adendorf, musikalische Umrahmung eines Vortrags von Dr. Josef Muhr \u00fcber die Stadt K\u00f6ln im fr\u00fchen 20. Jahrhundert. Beginn: 19 Uhr 2022 31.08.\u00a0Haus der Familie, Bad Godesberg: Liedprogramm mit der Sopranistin Marie -Dorothea W\u00e4hlt -Beste, (mit Werken von Faur\u00e8, Hahn, sowie Eigenkompositionen)\u00a0Geschlossene Veranstaltung.\u00a0 04.08.\u00a0Inner Wheel Club Bonn-Kreuzberg: Klavierabend mit Werken von Bach, Chopin, [&hellip;]<\/p>\n","protected":false},"author":1,"featured_media":0,"parent":0,"menu_order":3,"comment_status":"closed","ping_status":"closed","template":"","meta":{"footnotes":""},"class_list":["post-8","page","type-page","status-publish","hentry"],"_links":{"self":[{"href":"https:\/\/leonard-huester.de\/index.php?rest_route=\/wp\/v2\/pages\/8","targetHints":{"allow":["GET"]}}],"collection":[{"href":"https:\/\/leonard-huester.de\/index.php?rest_route=\/wp\/v2\/pages"}],"about":[{"href":"https:\/\/leonard-huester.de\/index.php?rest_route=\/wp\/v2\/types\/page"}],"author":[{"embeddable":true,"href":"https:\/\/leonard-huester.de\/index.php?rest_route=\/wp\/v2\/users\/1"}],"replies":[{"embeddable":true,"href":"https:\/\/leonard-huester.de\/index.php?rest_route=%2Fwp%2Fv2%2Fcomments&post=8"}],"version-history":[{"count":27,"href":"https:\/\/leonard-huester.de\/index.php?rest_route=\/wp\/v2\/pages\/8\/revisions"}],"predecessor-version":[{"id":346,"href":"https:\/\/leonard-huester.de\/index.php?rest_route=\/wp\/v2\/pages\/8\/revisions\/346"}],"wp:attachment":[{"href":"https:\/\/leonard-huester.de\/index.php?rest_route=%2Fwp%2Fv2%2Fmedia&parent=8"}],"curies":[{"name":"wp","href":"https:\/\/api.w.org\/{rel}","templated":true}]}}